{"id":4056,"date":"2020-11-28T15:41:23","date_gmt":"2020-11-28T14:41:23","guid":{"rendered":"https:\/\/herrenchiemsee-festspiele.de\/imprint\/"},"modified":"2022-09-14T21:53:16","modified_gmt":"2022-09-14T19:53:16","slug":"imprint","status":"publish","type":"page","link":"https:\/\/herrenchiemsee-festspiele.de\/en\/imprint\/","title":{"rendered":"Site Notice"},"content":{"rendered":"<p>[et_pb_section fb_built=&#8221;1&#8243; fullwidth=&#8221;on&#8221; _builder_version=&#8221;4.18.0&#8243; _module_preset=&#8221;default&#8221; locked=&#8221;off&#8221; global_colors_info=&#8221;{}&#8221;][et_pb_fullwidth_image src=&#8221;https:\/\/herrenchiemsee-festspiele.de\/wp-content\/uploads\/2022\/08\/steeg-1.jpg&#8221; title_text=&#8221;steeg&#8221; _builder_version=&#8221;4.18.0&#8243; _module_preset=&#8221;default&#8221; global_colors_info=&#8221;{}&#8221;][\/et_pb_fullwidth_image][\/et_pb_section][et_pb_section fb_built=&#8221;1&#8243; _builder_version=&#8221;4.16&#8243; _module_preset=&#8221;default&#8221; global_colors_info=&#8221;{}&#8221;][et_pb_row _builder_version=&#8221;4.16&#8243; _module_preset=&#8221;default&#8221; global_colors_info=&#8221;{}&#8221;][et_pb_column type=&#8221;4_4&#8243; _builder_version=&#8221;4.16&#8243; _module_preset=&#8221;default&#8221; global_colors_info=&#8221;{}&#8221;][et_pb_text _builder_version=&#8221;4.18.0&#8243; _module_preset=&#8221;default&#8221; global_colors_info=&#8221;{}&#8221;]<\/p>\n<h1>Site Notice<\/h1>\n<h2>Information pursuant to Sect. 5 German Telemedia Act (TMG)<\/h2>\n<p>Internationale Herrenchiemsee Festspiele gemeinn\u00fctzige GmbH<br \/>Findlingstra\u00dfe 28b<br \/>83115 Neubeuern<\/p>\n<p>Commercial Register: 15842<br \/>Registration court: Registergericht Traunstein<\/p>\n<p><strong>Represented by:<\/strong><br \/>Josef Kr\u00f6ner<\/p>\n<h2>Contact<\/h2>\n<p>Phone: 08035 1031<br \/>E-mail: info@herrenchiemsee-festspiele.de<\/p>\n<h2>VAT ID<\/h2>\n<p>Sales tax identification number according to Sect. 27 a of the Sales Tax Law:<br \/>DE236932467<\/p>\n<h2>Dispute resolution proceedings in front of a consumer arbitration board<\/h2>\n<p>We are not willing or obliged to participate in dispute resolution proceedings in front of a consumer arbitration board.<\/p>\n<p>[\/et_pb_text][\/et_pb_column][\/et_pb_row][\/et_pb_section]<\/p>\n","protected":false},"excerpt":{"rendered":"<p>Site Notice Information pursuant to Sect. 5 German Telemedia Act (TMG) Internationale Herrenchiemsee Festspiele gemeinn\u00fctzige GmbHFindlingstra\u00dfe 28b83115 Neubeuern Commercial Register: 15842Registration court: Registergericht Traunstein Represented by:Josef Kr\u00f6ner Contact Phone: 08035 1031E-mail: info@herrenchiemsee-festspiele.de VAT ID Sales tax identification number according to Sect. 27 a of the Sales Tax Law:DE236932467 Dispute resolution proceedings in front of a [&hellip;]<\/p>\n","protected":false},"author":5,"featured_media":0,"parent":0,"menu_order":0,"comment_status":"closed","ping_status":"closed","template":"","meta":{"_et_pb_use_builder":"on","_et_pb_old_content":"","_et_gb_content_width":"","footnotes":""},"class_list":["post-4056","page","type-page","status-publish","hentry"],"yoast_head":"<!-- This site is optimized with the Yoast SEO plugin v26.9 - https:\/\/yoast.com\/product\/yoast-seo-wordpress\/ -->\n<title>Site Notice - Herrenchiemsee Festspiele<\/title>\n<meta name=\"robots\" content=\"noindex, nofollow\" \/>\n<meta property=\"og:locale\" content=\"en_US\" \/>\n<meta property=\"og:type\" content=\"article\" \/>\n<meta property=\"og:title\" content=\"Site Notice - Herrenchiemsee Festspiele\" \/>\n<meta property=\"og:description\" content=\"Site Notice Information pursuant to Sect. 5 German Telemedia Act (TMG) Internationale Herrenchiemsee Festspiele gemeinn\u00fctzige GmbHFindlingstra\u00dfe 28b83115 Neubeuern Commercial Register: 15842Registration court: Registergericht Traunstein Represented by:Josef Kr\u00f6ner Contact Phone: 08035 1031E-mail: info@herrenchiemsee-festspiele.de VAT ID Sales tax identification number according to Sect. 27 a of the Sales Tax Law:DE236932467 Dispute resolution proceedings in front of a [&hellip;]\" \/>\n<meta property=\"og:url\" content=\"https:\/\/herrenchiemsee-festspiele.de\/en\/imprint\/\" \/>\n<meta property=\"og:site_name\" content=\"Herrenchiemsee Festspiele\" \/>\n<meta property=\"article:modified_time\" content=\"2022-09-14T19:53:16+00:00\" \/>\n<meta name=\"twitter:card\" content=\"summary_large_image\" \/>\n<meta name=\"twitter:label1\" content=\"Est. reading time\" \/>\n\t<meta name=\"twitter:data1\" content=\"1 minute\" \/>\n<script type=\"application\/ld+json\" class=\"yoast-schema-graph\">{\"@context\":\"https:\/\/schema.org\",\"@graph\":[{\"@type\":\"WebPage\",\"@id\":\"https:\/\/herrenchiemsee-festspiele.de\/en\/imprint\/\",\"url\":\"https:\/\/herrenchiemsee-festspiele.de\/en\/imprint\/\",\"name\":\"Site Notice - Herrenchiemsee Festspiele\",\"isPartOf\":{\"@id\":\"https:\/\/herrenchiemsee-festspiele.de\/en\/#website\"},\"datePublished\":\"2020-11-28T14:41:23+00:00\",\"dateModified\":\"2022-09-14T19:53:16+00:00\",\"breadcrumb\":{\"@id\":\"https:\/\/herrenchiemsee-festspiele.de\/en\/imprint\/#breadcrumb\"},\"inLanguage\":\"en-US\",\"potentialAction\":[{\"@type\":\"ReadAction\",\"target\":[\"https:\/\/herrenchiemsee-festspiele.de\/en\/imprint\/\"]}]},{\"@type\":\"BreadcrumbList\",\"@id\":\"https:\/\/herrenchiemsee-festspiele.de\/en\/imprint\/#breadcrumb\",\"itemListElement\":[{\"@type\":\"ListItem\",\"position\":1,\"name\":\"Startseite\",\"item\":\"https:\/\/herrenchiemsee-festspiele.de\/en\/\"},{\"@type\":\"ListItem\",\"position\":2,\"name\":\"Site Notice\"}]},{\"@type\":\"WebSite\",\"@id\":\"https:\/\/herrenchiemsee-festspiele.de\/en\/#website\",\"url\":\"https:\/\/herrenchiemsee-festspiele.de\/en\/\",\"name\":\"Herrenchiemsee Festspiele\",\"description\":\"\",\"publisher\":{\"@id\":\"https:\/\/herrenchiemsee-festspiele.de\/en\/#organization\"},\"potentialAction\":[{\"@type\":\"SearchAction\",\"target\":{\"@type\":\"EntryPoint\",\"urlTemplate\":\"https:\/\/herrenchiemsee-festspiele.de\/en\/?s={search_term_string}\"},\"query-input\":{\"@type\":\"PropertyValueSpecification\",\"valueRequired\":true,\"valueName\":\"search_term_string\"}}],\"inLanguage\":\"en-US\"},{\"@type\":\"Organization\",\"@id\":\"https:\/\/herrenchiemsee-festspiele.de\/en\/#organization\",\"name\":\"Herrenchiemsee Festspiele\",\"url\":\"https:\/\/herrenchiemsee-festspiele.de\/en\/\",\"logo\":{\"@type\":\"ImageObject\",\"inLanguage\":\"en-US\",\"@id\":\"https:\/\/herrenchiemsee-festspiele.de\/en\/#\/schema\/logo\/image\/\",\"url\":\"https:\/\/herrenchiemsee-festspiele.de\/wp-content\/uploads\/2022\/09\/hcf-logo-neu.png\",\"contentUrl\":\"https:\/\/herrenchiemsee-festspiele.de\/wp-content\/uploads\/2022\/09\/hcf-logo-neu.png\",\"width\":399,\"height\":150,\"caption\":\"Herrenchiemsee Festspiele\"},\"image\":{\"@id\":\"https:\/\/herrenchiemsee-festspiele.de\/en\/#\/schema\/logo\/image\/\"}}]}<\/script>\n<!-- \/ Yoast SEO plugin. -->","yoast_head_json":{"title":"Site Notice - Herrenchiemsee Festspiele","robots":{"index":"noindex","follow":"nofollow"},"og_locale":"en_US","og_type":"article","og_title":"Site Notice - Herrenchiemsee Festspiele","og_description":"Site Notice Information pursuant to Sect. 5 German Telemedia Act (TMG) Internationale Herrenchiemsee Festspiele gemeinn\u00fctzige GmbHFindlingstra\u00dfe 28b83115 Neubeuern Commercial Register: 15842Registration court: Registergericht Traunstein Represented by:Josef Kr\u00f6ner Contact Phone: 08035 1031E-mail: info@herrenchiemsee-festspiele.de VAT ID Sales tax identification number according to Sect. 27 a of the Sales Tax Law:DE236932467 Dispute resolution proceedings in front of a [&hellip;]","og_url":"https:\/\/herrenchiemsee-festspiele.de\/en\/imprint\/","og_site_name":"Herrenchiemsee Festspiele","article_modified_time":"2022-09-14T19:53:16+00:00","twitter_card":"summary_large_image","twitter_misc":{"Est. reading time":"1 minute"},"schema":{"@context":"https:\/\/schema.org","@graph":[{"@type":"WebPage","@id":"https:\/\/herrenchiemsee-festspiele.de\/en\/imprint\/","url":"https:\/\/herrenchiemsee-festspiele.de\/en\/imprint\/","name":"Site Notice - Herrenchiemsee Festspiele","isPartOf":{"@id":"https:\/\/herrenchiemsee-festspiele.de\/en\/#website"},"datePublished":"2020-11-28T14:41:23+00:00","dateModified":"2022-09-14T19:53:16+00:00","breadcrumb":{"@id":"https:\/\/herrenchiemsee-festspiele.de\/en\/imprint\/#breadcrumb"},"inLanguage":"en-US","potentialAction":[{"@type":"ReadAction","target":["https:\/\/herrenchiemsee-festspiele.de\/en\/imprint\/"]}]},{"@type":"BreadcrumbList","@id":"https:\/\/herrenchiemsee-festspiele.de\/en\/imprint\/#breadcrumb","itemListElement":[{"@type":"ListItem","position":1,"name":"Startseite","item":"https:\/\/herrenchiemsee-festspiele.de\/en\/"},{"@type":"ListItem","position":2,"name":"Site Notice"}]},{"@type":"WebSite","@id":"https:\/\/herrenchiemsee-festspiele.de\/en\/#website","url":"https:\/\/herrenchiemsee-festspiele.de\/en\/","name":"Herrenchiemsee Festspiele","description":"","publisher":{"@id":"https:\/\/herrenchiemsee-festspiele.de\/en\/#organization"},"potentialAction":[{"@type":"SearchAction","target":{"@type":"EntryPoint","urlTemplate":"https:\/\/herrenchiemsee-festspiele.de\/en\/?s={search_term_string}"},"query-input":{"@type":"PropertyValueSpecification","valueRequired":true,"valueName":"search_term_string"}}],"inLanguage":"en-US"},{"@type":"Organization","@id":"https:\/\/herrenchiemsee-festspiele.de\/en\/#organization","name":"Herrenchiemsee Festspiele","url":"https:\/\/herrenchiemsee-festspiele.de\/en\/","logo":{"@type":"ImageObject","inLanguage":"en-US","@id":"https:\/\/herrenchiemsee-festspiele.de\/en\/#\/schema\/logo\/image\/","url":"https:\/\/herrenchiemsee-festspiele.de\/wp-content\/uploads\/2022\/09\/hcf-logo-neu.png","contentUrl":"https:\/\/herrenchiemsee-festspiele.de\/wp-content\/uploads\/2022\/09\/hcf-logo-neu.png","width":399,"height":150,"caption":"Herrenchiemsee Festspiele"},"image":{"@id":"https:\/\/herrenchiemsee-festspiele.de\/en\/#\/schema\/logo\/image\/"}}]}},"_links":{"self":[{"href":"https:\/\/herrenchiemsee-festspiele.de\/en\/wp-json\/wp\/v2\/pages\/4056","targetHints":{"allow":["GET"]}}],"collection":[{"href":"https:\/\/herrenchiemsee-festspiele.de\/en\/wp-json\/wp\/v2\/pages"}],"about":[{"href":"https:\/\/herrenchiemsee-festspiele.de\/en\/wp-json\/wp\/v2\/types\/page"}],"author":[{"embeddable":true,"href":"https:\/\/herrenchiemsee-festspiele.de\/en\/wp-json\/wp\/v2\/users\/5"}],"replies":[{"embeddable":true,"href":"https:\/\/herrenchiemsee-festspiele.de\/en\/wp-json\/wp\/v2\/comments?post=4056"}],"version-history":[{"count":0,"href":"https:\/\/herrenchiemsee-festspiele.de\/en\/wp-json\/wp\/v2\/pages\/4056\/revisions"}],"wp:attachment":[{"href":"https:\/\/herrenchiemsee-festspiele.de\/en\/wp-json\/wp\/v2\/media?parent=4056"}],"curies":[{"name":"wp","href":"https:\/\/api.w.org\/{rel}","templated":true}]}}